{"id":287,"date":"2023-12-26T04:23:57","date_gmt":"2023-12-26T04:23:57","guid":{"rendered":"https:\/\/www.colegiolosangelessantiago.cl\/?page_id=287"},"modified":"2026-05-12T21:09:32","modified_gmt":"2026-05-12T21:09:32","slug":"contacto","status":"publish","type":"page","link":"https:\/\/www.colegiolosangelessantiago.cl\/index.php\/contacto\/","title":{"rendered":"Contacto"},"content":{"rendered":"\t\t<div data-elementor-type=\"wp-page\" data-elementor-id=\"287\" class=\"elementor elementor-287\">\n\t\t\t\t\t\t\t\t\t<section class=\"elementor-section elementor-top-section elementor-element elementor-element-e4b0548 elementor-section-boxed elementor-section-height-default elementor-section-height-default\" data-id=\"e4b0548\" data-element_type=\"section\">\n\t\t\t\t\t\t<div class=\"elementor-container elementor-column-gap-default\">\n\t\t\t\t\t<div class=\"elementor-column elementor-col-100 elementor-top-column elementor-element elementor-element-b1083e2\" data-id=\"b1083e2\" data-element_type=\"column\">\n\t\t\t<div class=\"elementor-widget-wrap elementor-element-populated\">\n\t\t\t\t\t\t\t\t<div class=\"elementor-element elementor-element-83da114 elementor-widget elementor-widget-html\" data-id=\"83da114\" data-element_type=\"widget\" data-widget_type=\"html.default\">\n\t\t\t\t<div class=\"elementor-widget-container\">\n\t\t\t<style>*{box-sizing:border-box;margin:0;padding:0;font-family:-apple-system,BlinkMacSystemFont,'Segoe UI',sans-serif}.ct-wrap{width:100%;background:#fff}.ct-hero{background:#7A1C2E;padding:36px 48px}.ct-h-eye{font-size:10px;font-weight:700;letter-spacing:.14em;text-transform:uppercase;color:rgba(255,255,255,.5);margin-bottom:8px}.ct-h-title{font-size:28px;font-weight:700;color:#fff;margin-bottom:6px}.ct-h-sub{font-size:13px;color:rgba(255,255,255,.72);line-height:1.6}.ct-body{padding:32px 48px;display:grid;grid-template-columns:1fr 1fr;gap:24px}.ct-card{background:#fff;border:0.5px solid #ddd;border-radius:12px;overflow:hidden}.ct-title{font-size:10px;font-weight:700;letter-spacing:.1em;text-transform:uppercase;color:#7A1C2E;padding:16px 20px 0;display:flex;align-items:center;gap:6px}.ct-title::before{content:'';width:12px;height:2px;background:#F5C842;display:inline-block;border-radius:2px}.ct-map{height:200px;overflow:hidden;position:relative;margin-top:12px}.ct-map iframe{width:100%;height:100%;border:none;display:block}.ct-addr{padding:14px 20px 18px}.ct-row{display:flex;align-items:flex-start;gap:10px;margin-bottom:10px}.ct-row:last-child{margin-bottom:0}.ct-icon{width:30px;height:30px;border-radius:8px;background:#FFF0F0;display:flex;align-items:center;justify-content:center;flex-shrink:0;margin-top:1px}.ct-lbl{font-size:10px;font-weight:700;text-transform:uppercase;letter-spacing:.06em;color:#999;margin-bottom:2px}.ct-val{font-size:12px;font-weight:600;color:#1a1a1a;line-height:1.45}.ct-sub{font-size:11px;color:#666;font-weight:400}.tag-l2{background:#EF3340;color:#fff;font-size:9px;font-weight:700;padding:2px 7px;border-radius:4px;display:inline-block;margin-bottom:2px}.ct-mapbtn{display:inline-flex;align-items:center;gap:5px;margin-top:10px;background:#7A1C2E;color:#fff;font-size:11px;font-weight:700;padding:7px 13px;border-radius:6px;text-decoration:none}.ct-channels{display:flex;flex-direction:column;gap:9px;padding:12px 20px 18px}.ct-ch{display:flex;align-items:center;gap:12px;padding:12px 14px;border-radius:9px;border:0.5px solid #ddd;text-decoration:none;background:#fff}.ct-ch.wp{border-color:#25D366;background:#F0FDF6}.ct-chicon{width:36px;height:36px;border-radius:9px;display:flex;align-items:center;justify-content:center;flex-shrink:0}.ct-chlbl{font-size:9px;font-weight:700;text-transform:uppercase;letter-spacing:.06em;color:#999;margin-bottom:1px}.ct-chval{font-size:12px;font-weight:700;color:#1a1a1a}.ct-chhint{font-size:10px;font-weight:600}.ct-horarios{padding:0 20px 18px;display:flex;flex-direction:column;gap:10px}.ct-hbloque{background:#F5F0E8;border-radius:9px;padding:12px 14px}.ct-hbtitle{font-size:9px;font-weight:700;text-transform:uppercase;letter-spacing:.08em;color:#7A1C2E;margin-bottom:8px;display:flex;align-items:center;gap:5px}.ct-hbtitle::before{content:'';width:8px;height:2px;background:#F5C842;display:inline-block;border-radius:2px}.ct-hrow{display:flex;justify-content:space-between;font-size:12px;padding:3px 0;border-bottom:0.5px solid rgba(0,0,0,.06)}.ct-hrow:last-child{border-bottom:none}.ct-hdia{color:#555;font-weight:600}.ct-hhora{color:#1a1a1a;font-weight:700}.ct-hcerrado{color:#aaa;font-weight:500}<\/style><div class=\"ct-wrap\"><div class=\"ct-hero\"><div class=\"ct-h-eye\">Estamos para ayudarte<\/div><div class=\"ct-h-title\">Contacto<\/div><div class=\"ct-h-sub\">Encu\u00e9ntranos en San Miguel o escr\u00edbenos directamente \u2014 respondemos por WhatsApp, tel\u00e9fono y correo.<\/div><\/div><div class=\"ct-body\"><div class=\"ct-card\"><div class=\"ct-title\">D\u00f3nde encontrarnos<\/div><div class=\"ct-map\"><iframe src=\"https:\/\/www.google.com\/maps\/embed?pb=!1m18!1m12!1m3!1d1638.1!2d-70.6547206!3d-33.5061442!2m3!1f0!2f0!3f0!3m2!1i1024!2i768!4f13.1!3m3!1m2!1s0x9662dac37eafbb85%3A0x2446db465fc4e7ea!2sCarmen%20Mena%201071%2C%20San%20Miguel%2C%20Regi%C3%B3n%20Metropolitana!5e0!3m2!1ses!2scl!4v1699000000000!5m2!1ses!2scl\" allowfullscreen=\"\" loading=\"lazy\" referrerpolicy=\"no-referrer-when-downgrade\"><\/iframe><\/div><div class=\"ct-addr\"><div class=\"ct-row\"><div class=\"ct-icon\"><svg width=\"14\" height=\"14\" viewBox=\"0 0 24 24\" fill=\"none\" stroke=\"#7A1C2E\" stroke-width=\"2\"><path d=\"M21 10c0 7-9 13-9 13s-9-6-9-13a9 9 0 0118 0z\"\/><circle cx=\"12\" cy=\"10\" r=\"3\"\/><\/svg><\/div><div><div class=\"ct-lbl\">Direcci\u00f3n<\/div><div class=\"ct-val\">Carmen Mena 1071, San Miguel<br><span class=\"ct-sub\">Santiago, Regi\u00f3n Metropolitana<\/span><\/div><\/div><\/div><div class=\"ct-row\"><div class=\"ct-icon\"><svg width=\"14\" height=\"14\" viewBox=\"0 0 24 24\" fill=\"none\" stroke=\"#7A1C2E\" stroke-width=\"2\"><rect x=\"1\" y=\"3\" width=\"15\" height=\"13\" rx=\"2\"\/><path d=\"M16 8h4l3 3v5h-7V8z\"\/><circle cx=\"5.5\" cy=\"18.5\" r=\"2.5\"\/><circle cx=\"18.5\" cy=\"18.5\" r=\"2.5\"\/><\/svg><\/div><div><div class=\"ct-lbl\">Metro cercano \u2014 L\u00ednea 2<\/div><div class=\"ct-val\"><span class=\"tag-l2\">L2<\/span> <strong>Departamental<\/strong> \u00b7 3 cuadras &lt;5 min<br><span class=\"tag-l2\">L2<\/span> <strong>Ciudad del Ni\u00f1o<\/strong> \u00b7 3 cuadras &lt;5 min<\/div><\/div><\/div><a href=\"https:\/\/www.google.com\/maps\/place\/Carmen+Mena+1071,+San+Miguel,+Regi%C3%B3n+Metropolitana\" target=\"_blank\" class=\"ct-mapbtn\"><svg width=\"11\" height=\"11\" viewBox=\"0 0 24 24\" fill=\"none\" stroke=\"currentColor\" stroke-width=\"2.5\"><path d=\"M5 12h14M12 5l7 7-7 7\"\/><\/svg>Ver en Google Maps<\/a><\/div><\/div><div style=\"display:flex;flex-direction:column;gap:16px\"><div class=\"ct-card\"><div class=\"ct-title\">Escr\u00edbenos o ll\u00e1manos<\/div><div class=\"ct-channels\"><a href=\"https:\/\/wa.me\/56966798853?text=Hola%2C%20me%20gustar%C3%ADa%20obtener%20informaci%C3%B3n%20sobre%20el%20Colegio%20Los%20%C3%81ngeles%20Santiago\" target=\"_blank\" class=\"ct-ch wp\"><div class=\"ct-chicon\" style=\"background:#25D366\"><svg width=\"20\" height=\"20\" viewBox=\"0 0 24 24\" fill=\"#fff\"><path d=\"M17.472 14.382c-.297-.149-1.758-.867-2.03-.967-.273-.099-.471-.148-.67.15-.197.297-.767.966-.94 1.164-.173.199-.347.223-.644.075-.297-.15-1.255-.463-2.39-1.475-.883-.788-1.48-1.761-1.653-2.059-.173-.297-.018-.458.13-.606.134-.133.298-.347.446-.52.149-.174.198-.298.298-.497.099-.198.05-.371-.025-.52-.075-.149-.669-1.612-.916-2.207-.242-.579-.487-.5-.669-.51-.173-.008-.371-.01-.57-.01-.198 0-.52.074-.792.372-.272.297-1.04 1.016-1.04 2.479 0 1.462 1.065 2.875 1.213 3.074.149.198 2.096 3.2 5.077 4.487.709.306 1.262.489 1.694.625.712.227 1.36.195 1.871.118.571-.085 1.758-.719 2.006-1.413.248-.694.248-1.289.173-1.413-.074-.124-.272-.198-.57-.347m-5.421 7.403h-.004a9.87 9.87 0 01-5.031-1.378l-.361-.214-3.741.982.998-3.648-.235-.374a9.86 9.86 0 01-1.51-5.26c.001-5.45 4.436-9.884 9.888-9.884 2.64 0 5.122 1.03 6.988 2.898a9.825 9.825 0 012.893 6.994c-.003 5.45-4.437 9.884-9.885 9.884m8.413-18.297A11.815 11.815 0 0012.05 0C5.495 0 .16 5.335.157 11.892c0 2.096.547 4.142 1.588 5.945L.057 24l6.305-1.654a11.882 11.882 0 005.683 1.448h.005c6.554 0 11.89-5.335 11.893-11.893a11.821 11.821 0 00-3.48-8.413z\"\/><\/svg><\/div><div><div class=\"ct-chlbl\">WhatsApp<\/div><div class=\"ct-chval\">+56 9 6679 8853<\/div><div class=\"ct-chhint\" style=\"color:#25D366\">\u2192 Abrir chat ahora<\/div><\/div><\/a><a href=\"tel:+56233399475\" class=\"ct-ch\"><div class=\"ct-chicon\" style=\"background:#7A1C2E\"><svg width=\"15\" height=\"15\" viewBox=\"0 0 24 24\" fill=\"none\" stroke=\"#fff\" stroke-width=\"2\"><path d=\"M22 16.92v3a2 2 0 01-2.18 2 19.79 19.79 0 01-8.63-3.07A19.5 19.5 0 013.07 9.8a19.79 19.79 0 01-3.07-8.66A2 2 0 012 1h3a2 2 0 012 1.72c.127.96.361 1.903.7 2.81a2 2 0 01-.45 2.11L6.09 8.91a16 16 0 006 6l1.27-1.27a2 2 0 012.11-.45c.907.339 1.85.573 2.81.7A2 2 0 0122 16.92z\"\/><\/svg><\/div><div><div class=\"ct-chlbl\">Tel\u00e9fono fijo<\/div><div class=\"ct-chval\">+56 2 3339 9475<\/div><div class=\"ct-chhint\" style=\"color:#7A1C2E\">\u2192 Llamar directo<\/div><\/div><\/a><a href=\"mailto:administracion@colegiolosangelessantiago.cl\" class=\"ct-ch\"><div class=\"ct-chicon\" style=\"background:#3B5BDB\"><svg width=\"15\" height=\"15\" viewBox=\"0 0 24 24\" fill=\"none\" stroke=\"#fff\" stroke-width=\"2\"><path d=\"M4 4h16c1.1 0 2 .9 2 2v12c0 1.1-.9 2-2 2H4c-1.1 0-2-.9-2-2V6c0-1.1.9-2 2-2z\"\/><polyline points=\"22,6 12,13 2,6\"\/><\/svg><\/div><div><div class=\"ct-chlbl\">Correo<\/div><div class=\"ct-chval\" style=\"font-size:11px\">administracion@colegiolos...<\/div><div class=\"ct-chhint\" style=\"color:#3B5BDB\">\u2192 Enviar correo<\/div><\/div><\/a><\/div><\/div><div class=\"ct-card\"><div class=\"ct-title\">Horarios<\/div><div class=\"ct-horarios\"><div class=\"ct-hbloque\"><div class=\"ct-hbtitle\">Atenci\u00f3n administrativa<\/div><div class=\"ct-hrow\"><span class=\"ct-hdia\">Lunes a viernes<\/span><span class=\"ct-hhora\">9:00 \u2013 17:30<\/span><\/div><div class=\"ct-hrow\"><span class=\"ct-hdia\">S\u00e1bado<\/span><span class=\"ct-hcerrado\">Cerrado<\/span><\/div><\/div><div class=\"ct-hbloque\"><div class=\"ct-hbtitle\">Apertura del establecimiento<\/div><div class=\"ct-hrow\"><span class=\"ct-hdia\">Lunes a viernes<\/span><span class=\"ct-hhora\">8:00 \u2013 19:00<\/span><\/div><div class=\"ct-hrow\"><span class=\"ct-hdia\">S\u00e1bado y domingo<\/span><span class=\"ct-hcerrado\">Cerrado<\/span><\/div><\/div><\/div><\/div><\/div><\/div><\/div>\t\t<\/div>\n\t\t\t\t<\/div>\n\t\t\t\t\t<\/div>\n\t\t<\/div>\n\t\t\t\t\t\t\t<\/div>\n\t\t<\/section>\n\t\t\t\t\t\t\t<\/div>\n\t\t","protected":false},"excerpt":{"rendered":"<p>Estamos para ayudarteContactoEncu\u00e9ntranos en San Miguel o escr\u00edbenos directamente \u2014 respondemos por WhatsApp, tel\u00e9fono y correo.D\u00f3nde encontrarnosDirecci\u00f3nCarmen Mena 1071, San MiguelSantiago, Regi\u00f3n MetropolitanaMetro cercano \u2014 L\u00ednea 2L2 Departamental \u00b7 3 cuadras &lt;5 minL2 Ciudad del Ni\u00f1o \u00b7 3 cuadras &lt;5 minVer en Google MapsEscr\u00edbenos o ll\u00e1manosWhatsApp+56 9 6679 8853\u2192 Abrir chat ahoraTel\u00e9fono fijo+56 2 3339 [&hellip;]<\/p>\n","protected":false},"author":1,"featured_media":0,"parent":0,"menu_order":0,"comment_status":"closed","ping_status":"closed","template":"elementor_header_footer","meta":{"footnotes":""},"class_list":["post-287","page","type-page","status-publish","hentry"],"_links":{"self":[{"href":"https:\/\/www.colegiolosangelessantiago.cl\/index.php\/wp-json\/wp\/v2\/pages\/287","targetHints":{"allow":["GET"]}}],"collection":[{"href":"https:\/\/www.colegiolosangelessantiago.cl\/index.php\/wp-json\/wp\/v2\/pages"}],"about":[{"href":"https:\/\/www.colegiolosangelessantiago.cl\/index.php\/wp-json\/wp\/v2\/types\/page"}],"author":[{"embeddable":true,"href":"https:\/\/www.colegiolosangelessantiago.cl\/index.php\/wp-json\/wp\/v2\/users\/1"}],"replies":[{"embeddable":true,"href":"https:\/\/www.colegiolosangelessantiago.cl\/index.php\/wp-json\/wp\/v2\/comments?post=287"}],"version-history":[{"count":16,"href":"https:\/\/www.colegiolosangelessantiago.cl\/index.php\/wp-json\/wp\/v2\/pages\/287\/revisions"}],"predecessor-version":[{"id":896,"href":"https:\/\/www.colegiolosangelessantiago.cl\/index.php\/wp-json\/wp\/v2\/pages\/287\/revisions\/896"}],"wp:attachment":[{"href":"https:\/\/www.colegiolosangelessantiago.cl\/index.php\/wp-json\/wp\/v2\/media?parent=287"}],"curies":[{"name":"wp","href":"https:\/\/api.w.org\/{rel}","templated":true}]}}